{"id":2025,"date":"2016-07-03T10:22:43","date_gmt":"2016-07-03T10:22:43","guid":{"rendered":"http:\/\/www.thomashuber.cc\/Testseite\/?page_id=2025"},"modified":"2018-06-19T05:59:28","modified_gmt":"2018-06-19T05:59:28","slug":"impressum","status":"publish","type":"page","link":"https:\/\/www.thomashuber.cc\/Testseite\/impressum\/","title":{"rendered":"Impressum"},"content":{"rendered":"\n<style type=\"text\/css\" data-created_by=\"avia_inline_auto\" id=\"style-css-av-av_section-63212c5f45b8bbcdefa22cc1937b3ddc\">\n.avia-section.av-av_section-63212c5f45b8bbcdefa22cc1937b3ddc{\nbackground-repeat:no-repeat;\nbackground-image:url(https:\/\/www.thomashuber.cc\/Testseite\/wp-content\/uploads\/2018\/03\/bsondas-banner-1400x215.jpg);\nbackground-position:0% 0%;\nbackground-attachment:scroll;\n}\n<\/style>\n<div id='av_section_1'  class='avia-section av-av_section-63212c5f45b8bbcdefa22cc1937b3ddc main_color avia-section-default avia-no-shadow  avia-builder-el-0  el_before_av_three_fifth  avia-builder-el-first  avia-full-stretch avia-bg-style-scroll container_wrap fullsize'  data-section-bg-repeat='stretch'><div class='container av-section-cont-open' ><main  role=\"main\" itemprop=\"mainContentOfPage\"  class='template-page content  av-content-full alpha units'><div class='post-entry post-entry-type-page post-entry-2025'><div class='entry-content-wrapper clearfix'><\/div><\/div><\/main><!-- close content main element --><\/div><\/div><div id='after_section_1'  class='main_color av_default_container_wrap container_wrap fullsize'  ><div class='container av-section-cont-open' ><div class='template-page content  av-content-full alpha units'><div class='post-entry post-entry-type-page post-entry-2025'><div class='entry-content-wrapper clearfix'>\n\n<style type=\"text\/css\" data-created_by=\"avia_inline_auto\" id=\"style-css-av-av_three_fifth-6126cab7d8fab8d08143dd2dacdf673c\">\n.flex_column.av-av_three_fifth-6126cab7d8fab8d08143dd2dacdf673c{\nborder-radius:0px 0px 0px 0px;\npadding:0px 0px 0px 0px;\n}\n<\/style>\n<div  class='flex_column av-av_three_fifth-6126cab7d8fab8d08143dd2dacdf673c av_three_fifth  avia-builder-el-1  el_after_av_section  el_before_av_two_fifth  avia-builder-el-first  first flex_column_div av-zero-column-padding  '     ><section  class='av_textblock_section av-av_textblock-2de302bf1aa3cf4c9157dbe6f50ac7eb '   itemscope=\"itemscope\" itemtype=\"https:\/\/schema.org\/CreativeWork\" ><div class='avia_textblock'  itemprop=\"text\" ><p><strong>Kosmetiklabor Swoboda e.U.<\/strong><\/p>\n<p>Gesch\u00e4ftsf\u00fchrung: Ing. Edith Swoboda<\/p>\n<p>Hauptstra\u00dfe 38\/G1,<br \/>\nA-2481 Achau<br \/>\nTel: +43 (0) 676 96 20 474<br \/>\n<a href=\"mailto:office@bsondas.at\">office@bsondas.at<\/a><br \/>\nFirmenbuch: FN 369559w<br \/>\nUID-Nr.: ATU 66676616<br \/>\nEORI-Nr.: ATEOS1000073505<\/p>\n<\/div><\/section><\/div>\n\n<style type=\"text\/css\" data-created_by=\"avia_inline_auto\" id=\"style-css-av-av_two_fifth-c8fc129dc35fd1ae2a1e410224d39ea8\">\n.flex_column.av-av_two_fifth-c8fc129dc35fd1ae2a1e410224d39ea8{\nborder-radius:0px 0px 0px 0px;\npadding:0px 0px 0px 0px;\n}\n<\/style>\n<div  class='flex_column av-av_two_fifth-c8fc129dc35fd1ae2a1e410224d39ea8 av_two_fifth  avia-builder-el-3  el_after_av_three_fifth  el_before_av_hr  flex_column_div av-zero-column-padding  '     ><section  class='av_textblock_section av-av_textblock-2de302bf1aa3cf4c9157dbe6f50ac7eb '   itemscope=\"itemscope\" itemtype=\"https:\/\/schema.org\/CreativeWork\" ><div class='avia_textblock'  itemprop=\"text\" ><p><img loading=\"lazy\" decoding=\"async\" class=\"alignnone size-full wp-image-2646\" src=\"http:\/\/www.thomashuber.cc\/Testseite\/wp-content\/uploads\/2018\/03\/Bsondas_Logo_.jpg\" alt=\"\" width=\"245\" height=\"301\" \/><\/p>\n<\/div><\/section><\/div>\n<div  class='hr av-av_hr-dcd2069817a0e3d34ae04cad8f3443c7 hr-default  avia-builder-el-5  el_after_av_two_fifth  el_before_av_one_full '><span class='hr-inner '><span class=\"hr-inner-style\"><\/span><\/span><\/div>\n\n<style type=\"text\/css\" data-created_by=\"avia_inline_auto\" id=\"style-css-av-av_one_full-6126cab7d8fab8d08143dd2dacdf673c\">\n.flex_column.av-av_one_full-6126cab7d8fab8d08143dd2dacdf673c{\nborder-radius:0px 0px 0px 0px;\npadding:0px 0px 0px 0px;\n}\n<\/style>\n<div  class='flex_column av-av_one_full-6126cab7d8fab8d08143dd2dacdf673c av_one_full  avia-builder-el-6  el_after_av_hr  el_before_av_hr  first flex_column_div av-zero-column-padding  '     ><section  class='av_textblock_section av-av_textblock-0366cc7376be6c9e82a3e9cc8987b64f '   itemscope=\"itemscope\" itemtype=\"https:\/\/schema.org\/CreativeWork\" ><div class='avia_textblock'  itemprop=\"text\" ><p><strong>Datenschutzerkl\u00e4rung: <\/strong><\/p>\n<p>Wir erheben, verarbeiten und nutzen Ihre Daten nur im Rahmen der gesetzlichen Bestimmungen.<\/p>\n<p>Diese Datenschutzerkl\u00e4rung gilt ausschlie\u00dflich f\u00fcr die Nutzung der von uns angebotenen Webseiten. Sie gilt nicht f\u00fcr die Webseiten anderer Dienstanbieter, auf die wir lediglich durch einen Link verweisen.<\/p>\n<p>Bei der Nutzung unserer Webseiten bleiben Sie anonym, solange Sie uns nicht von sich aus freiwillig personenbezogene Daten zur Verf\u00fcgung stellen. Personenbezogene Daten werden nur dann erhoben, wenn dies f\u00fcr die Nutzung der auf der Webseite angebotenen Leistungen, insbesondere Formularangebote, erforderlich ist.<\/p>\n<p>Wir werden die von Ihnen zur Verf\u00fcgung gestellten Daten streng vertraulich behandeln. Ohne Ihre ausdr\u00fcckliche Einwilligung geben wir keine pers\u00f6nlichen Daten weiter, es sei denn, dass wir rechtlich dazu verpflichtet sind. Wir weisen jedoch darauf hin, dass es bei der \u00dcbermittlung von Daten im Internet immer dazu kommen kann, dass Dritte Ihre Daten zur Kenntnis nehmen oder verf\u00e4lschen.<\/p>\n<p>Sofern Sie es von uns verlangen, gew\u00e4hren wir Ihnen Einblick in die \u00fcber Sie gespeicherten Daten, beziehungsweise l\u00f6schen diese. Wenn Sie Daten berichtigen, l\u00f6schen oder einsehen wollen, gen\u00fcgt hierf\u00fcr ein Schreiben an die im Impressum angegebene Adresse.<\/p>\n<p>Im Rahmen der Benachrichtigung unserer Kunden \u00fcber Produktneuheiten, etc. senden wir Ihnen Emails nur zu, sofern Sie uns Ihre Emailadresse zur Verf\u00fcgung stellen.<\/p>\n<\/div><\/section><\/div>\n<div  class='hr av-av_hr-dcd2069817a0e3d34ae04cad8f3443c7 hr-default  avia-builder-el-8  el_after_av_one_full  avia-builder-el-last '><span class='hr-inner '><span class=\"hr-inner-style\"><\/span><\/span><\/div>\n","protected":false},"excerpt":{"rendered":"","protected":false},"author":1,"featured_media":0,"parent":0,"menu_order":0,"comment_status":"closed","ping_status":"closed","template":"","meta":{"footnotes":""},"class_list":["post-2025","page","type-page","status-publish","hentry"],"_links":{"self":[{"href":"https:\/\/www.thomashuber.cc\/Testseite\/wp-json\/wp\/v2\/pages\/2025","targetHints":{"allow":["GET"]}}],"collection":[{"href":"https:\/\/www.thomashuber.cc\/Testseite\/wp-json\/wp\/v2\/pages"}],"about":[{"href":"https:\/\/www.thomashuber.cc\/Testseite\/wp-json\/wp\/v2\/types\/page"}],"author":[{"embeddable":true,"href":"https:\/\/www.thomashuber.cc\/Testseite\/wp-json\/wp\/v2\/users\/1"}],"replies":[{"embeddable":true,"href":"https:\/\/www.thomashuber.cc\/Testseite\/wp-json\/wp\/v2\/comments?post=2025"}],"version-history":[{"count":40,"href":"https:\/\/www.thomashuber.cc\/Testseite\/wp-json\/wp\/v2\/pages\/2025\/revisions"}],"predecessor-version":[{"id":2949,"href":"https:\/\/www.thomashuber.cc\/Testseite\/wp-json\/wp\/v2\/pages\/2025\/revisions\/2949"}],"wp:attachment":[{"href":"https:\/\/www.thomashuber.cc\/Testseite\/wp-json\/wp\/v2\/media?parent=2025"}],"curies":[{"name":"wp","href":"https:\/\/api.w.org\/{rel}","templated":true}]}}