{"id":1963,"date":"2016-07-02T09:02:17","date_gmt":"2016-07-02T09:02:17","guid":{"rendered":"http:\/\/www.thomashuber.cc\/Testseite\/?page_id=1963"},"modified":"2021-03-04T09:18:13","modified_gmt":"2021-03-04T09:18:13","slug":"willkommen","status":"publish","type":"page","link":"https:\/\/www.thomashuber.cc\/Testseite\/","title":{"rendered":"Willkommen"},"content":{"rendered":"<div id='full_slider_1'  class='avia-fullwidth-slider main_color avia-shadow   avia-builder-el-0  el_before_av_textblock  avia-builder-el-first   container_wrap fullsize'  ><div  class='avia-slideshow av-1c8cm5n-222c51f3aa5b9dcfe45eb65fa4f81c76 avia-slideshow-no scaling av_slideshow_full avia-slide-slider av-slideshow-ui av-control-default av-slideshow-manual av-loop-once av-loop-manual-endless av-default-height-applied   avia-slideshow-1' data-slideshow-options=\"{&quot;animation&quot;:&quot;slide&quot;,&quot;autoplay&quot;:false,&quot;loop_autoplay&quot;:&quot;once&quot;,&quot;interval&quot;:5,&quot;loop_manual&quot;:&quot;manual-endless&quot;,&quot;autoplay_stopper&quot;:false,&quot;noNavigation&quot;:false,&quot;bg_slider&quot;:false,&quot;keep_padding&quot;:false,&quot;hoverpause&quot;:false,&quot;show_slide_delay&quot;:0}\"  itemprop=\"image\" itemscope=\"itemscope\" itemtype=\"https:\/\/schema.org\/ImageObject\" ><ul class='avia-slideshow-inner ' style='padding-bottom: 44.666666666667%;'><li  class='avia-slideshow-slide av-1c8cm5n-222c51f3aa5b9dcfe45eb65fa4f81c76__0  av-single-slide slide-1 slide-odd'><div data-rel='slideshow-1' class='avia-slide-wrap '   ><img fetchpriority=\"high\" class=\"wp-image-2761 avia-img-lazy-loading-not-2761\"  src='https:\/\/www.thomashuber.cc\/Testseite\/wp-content\/uploads\/2018\/03\/bsondas-banner-1500x800_b.jpg' width='1500' height='670' title='bsondas banner 1500x800.indd' alt=''  itemprop=\"thumbnailUrl\"   \/><\/div><\/li><\/ul><\/div><\/div><div id='after_full_slider_1'  class='main_color av_default_container_wrap container_wrap fullsize'  ><div class='container av-section-cont-open' ><div class='template-page content  av-content-full alpha units'><div class='post-entry post-entry-type-page post-entry-1963'><div class='entry-content-wrapper clearfix'>\n<section  class='av_textblock_section av-1a5ufij-f455948fb76201dff4f293cbd7a013e7 '   itemscope=\"itemscope\" itemtype=\"https:\/\/schema.org\/CreativeWork\" ><div class='avia_textblock'  itemprop=\"text\" ><h2><\/h2>\n<p style=\"text-align: center;\">Au\u00dfergew\u00f6hnliche Rohstoffe, fein erlesene Textur, h\u00f6chster kosmetologischer Anspruch bis ins kleinste Detail.<br \/>\nDie Pflegelinie von bsondas verwandelt Ihre Haut in eine Sch\u00f6nheit mit Vitalit\u00e4t und Ausgeglichenheit.<\/p>\n<\/div><\/section>\n<div  class='hr av-17syg2z-cac8d2c115402c33791d82efabe0044a hr-default  avia-builder-el-2  el_after_av_textblock  el_before_av_one_half '><span class='hr-inner '><span class=\"hr-inner-style\"><\/span><\/span><\/div>\n\n<style type=\"text\/css\" data-created_by=\"avia_inline_auto\" id=\"style-css-av-164z8ln-a15f539fd00a33bffb800c277216ed0d\">\n.flex_column.av-164z8ln-a15f539fd00a33bffb800c277216ed0d{\nborder-radius:0px 0px 0px 0px;\npadding:0px 0px 0px 0px;\n}\n<\/style>\n<div  class='flex_column av-164z8ln-a15f539fd00a33bffb800c277216ed0d av_one_half  avia-builder-el-3  el_after_av_hr  el_before_av_one_half  first flex_column_div av-zero-column-padding  '     ><section  class='av_textblock_section av-132ntx7-9354fc277f67a5685ed06fbffb7c4b9a '   itemscope=\"itemscope\" itemtype=\"https:\/\/schema.org\/CreativeWork\" ><div class='avia_textblock'  itemprop=\"text\" ><p style=\"text-align: center;\">\n<h2 style=\"text-align: left;\">bsondas setzt neue Ma\u00dfst\u00e4be f\u00fcr Ihre Sch\u00f6nheit.<\/h2>\n<p style=\"text-align: left;\">Hinter dem jungen Label bsondas, steckt Tradition, Innovation kombiniert mit Leidenschaft zur Kosmetik und liebevolle Sorgfalt in jedem Fertigungsschritt. Das Wissen um die Kosmetologie, Dermatologie und die nat\u00fcrliche Kraft der Pflanzen, spiegeln sich in allen Produkten wider. Die Haut und Ihr Wohlbefinden in den Vordergrund zu stellen und die innere Leuchtkraft der Haut zu entlocken, ist die klare Vision von bsondas.<\/p>\n<h4><\/h4>\n<\/div><\/section><\/div>\n<style type=\"text\/css\" data-created_by=\"avia_inline_auto\" id=\"style-css-av-10ci3ez-5dbcd553b7fcc837ccebf4c1e803a23f\">\n.flex_column.av-10ci3ez-5dbcd553b7fcc837ccebf4c1e803a23f{\nborder-radius:0px 0px 0px 0px;\npadding:0px 0px 0px 0px;\n}\n<\/style>\n<div  class='flex_column av-10ci3ez-5dbcd553b7fcc837ccebf4c1e803a23f av_one_half  avia-builder-el-5  el_after_av_one_half  el_before_av_hr  flex_column_div av-zero-column-padding  '     ><p><section  class='av_textblock_section av-xr842j-b33e9ab2d2be0e376da0d771577f1567 '   itemscope=\"itemscope\" itemtype=\"https:\/\/schema.org\/CreativeWork\" ><div class='avia_textblock'  itemprop=\"text\" ><p><img loading=\"lazy\" decoding=\"async\" class=\"alignnone wp-image-2577 size-full\" src=\"http:\/\/www.thomashuber.cc\/Testseite\/wp-content\/uploads\/2018\/03\/Bsondas-Kosmetik_600px.jpg\" alt=\"\" width=\"600\" height=\"423\" srcset=\"https:\/\/www.thomashuber.cc\/Testseite\/wp-content\/uploads\/2018\/03\/Bsondas-Kosmetik_600px.jpg 600w, https:\/\/www.thomashuber.cc\/Testseite\/wp-content\/uploads\/2018\/03\/Bsondas-Kosmetik_600px-400x282.jpg 400w, https:\/\/www.thomashuber.cc\/Testseite\/wp-content\/uploads\/2018\/03\/Bsondas-Kosmetik_600px-450x317.jpg 450w\" sizes=\"auto, (max-width: 600px) 100vw, 600px\" \/><\/p>\n<\/div><\/section><br \/>\n<section  class='av_textblock_section av-wq58ij-b171aafded2cf9fe67f65b18282c8007 '   itemscope=\"itemscope\" itemtype=\"https:\/\/schema.org\/CreativeWork\" ><div class='avia_textblock'  itemprop=\"text\" ><p><img loading=\"lazy\" decoding=\"async\" class=\"wp-image-2651 alignright\" src=\"http:\/\/www.thomashuber.cc\/Testseite\/wp-content\/uploads\/2018\/03\/dfg_kosmetik-siegel.jpg\" alt=\"\" width=\"150\" height=\"65\" srcset=\"https:\/\/www.thomashuber.cc\/Testseite\/wp-content\/uploads\/2018\/03\/dfg_kosmetik-siegel.jpg 636w, https:\/\/www.thomashuber.cc\/Testseite\/wp-content\/uploads\/2018\/03\/dfg_kosmetik-siegel-400x174.jpg 400w, https:\/\/www.thomashuber.cc\/Testseite\/wp-content\/uploads\/2018\/03\/dfg_kosmetik-siegel-450x195.jpg 450w\" sizes=\"auto, (max-width: 150px) 100vw, 150px\" \/><\/p>\n<\/div><\/section><\/p><\/div><\/p>\n<div  class='hr av-ull3u3-3e9c76c0468c69c5d5ff81a6cedb0772 hr-default  avia-builder-el-8  el_after_av_one_half  el_before_av_hr '><span class='hr-inner '><span class=\"hr-inner-style\"><\/span><\/span><\/div>\n\n<style type=\"text\/css\" data-created_by=\"avia_inline_auto\" id=\"style-css-av-svf0uj-891d72d43596576869aa0aa0892e7a8d\">\n#top .hr.hr-invisible.av-svf0uj-891d72d43596576869aa0aa0892e7a8d{\nheight:50px;\n}\n<\/style>\n<div  class='hr av-svf0uj-891d72d43596576869aa0aa0892e7a8d hr-invisible  avia-builder-el-9  el_after_av_hr  el_before_av_two_fifth '><span class='hr-inner '><span class=\"hr-inner-style\"><\/span><\/span><\/div>\n\n<style type=\"text\/css\" data-created_by=\"avia_inline_auto\" id=\"style-css-av-rx0lij-0608d62bb9394404fc58bef86025fe94\">\n.flex_column.av-rx0lij-0608d62bb9394404fc58bef86025fe94{\nborder-radius:0px 0px 0px 0px;\npadding:0px 0px 0px 0px;\n}\n<\/style>\n<div  class='flex_column av-rx0lij-0608d62bb9394404fc58bef86025fe94 av_two_fifth  avia-builder-el-10  el_after_av_hr  el_before_av_one_fifth  first flex_column_div av-zero-column-padding  '     ><section  class='av_textblock_section av-p8hsx7-1435b02ca816dc8b16099fdc09ddbfe9 '   itemscope=\"itemscope\" itemtype=\"https:\/\/schema.org\/CreativeWork\" ><div class='avia_textblock'  itemprop=\"text\" ><h1 style=\"text-align: center;\">bsondas*<\/h1>\n<p style=\"text-align: center;\">*einfache aber effektive Pflege mit Seele<\/p>\n<\/div><\/section><br \/>\n<div  class='hr av-ndlr3v-b0eede85c7fb6eeeeef30c52826467da hr-default  avia-builder-el-12  el_after_av_textblock  avia-builder-el-last '><span class='hr-inner '><span class=\"hr-inner-style\"><\/span><\/span><\/div><\/p><\/div>\n\n<style type=\"text\/css\" data-created_by=\"avia_inline_auto\" id=\"style-css-av-mk1smz-e0952fe62f77cc535d0a4ec28d5fbeeb\">\n.flex_column.av-mk1smz-e0952fe62f77cc535d0a4ec28d5fbeeb{\nborder-radius:0px 0px 0px 0px;\npadding:0px 0px 0px 0px;\n}\n<\/style>\n<div  class='flex_column av-mk1smz-e0952fe62f77cc535d0a4ec28d5fbeeb av_one_fifth  avia-builder-el-13  el_after_av_two_fifth  el_before_av_two_fifth  flex_column_div av-zero-column-padding  '     ><\/div>\n\n<style type=\"text\/css\" data-created_by=\"avia_inline_auto\" id=\"style-css-av-ktshwr-02e8fa8355864696fe2370fbc49372e6\">\n.flex_column.av-ktshwr-02e8fa8355864696fe2370fbc49372e6{\nborder-radius:0 0 0 0;\npadding:0px 0px 0px 0px;\n}\n<\/style>\n<div  class='flex_column av-ktshwr-02e8fa8355864696fe2370fbc49372e6 av_two_fifth  avia-builder-el-14  el_after_av_one_fifth  el_before_av_two_fifth  flex_column_div av-zero-column-padding  '     ><section  class='av_textblock_section av-j55a8b-a6076dcde35d4166936688b891ca8eaa '   itemscope=\"itemscope\" itemtype=\"https:\/\/schema.org\/CreativeWork\" ><div class='avia_textblock'  itemprop=\"text\" ><h1 style=\"text-align: center;\">bsondas*<\/h1>\n<p style=\"text-align: center;\">*frische Produktqualit\u00e4t mit nat\u00fcrlichen und heimischen Rohstoffen<\/p>\n<\/div><\/section><br \/>\n<div  class='hr av-gq5n17-6c8f0ac885a2a5eb83e47d51d8fd3e9f hr-default  avia-builder-el-16  el_after_av_textblock  avia-builder-el-last '><span class='hr-inner '><span class=\"hr-inner-style\"><\/span><\/span><\/div><\/p><\/div>\n\n<style type=\"text\/css\" data-created_by=\"avia_inline_auto\" id=\"style-css-av-fg6z4r-a93ff43d8eecc8eaf07e7e9df9d62cd8\">\n.flex_column.av-fg6z4r-a93ff43d8eecc8eaf07e7e9df9d62cd8{\nborder-radius:0px 0px 0px 0px;\npadding:0px 0px 0px 0px;\n}\n<\/style>\n<div  class='flex_column av-fg6z4r-a93ff43d8eecc8eaf07e7e9df9d62cd8 av_two_fifth  avia-builder-el-17  el_after_av_two_fifth  el_before_av_one_fifth  first flex_column_div av-zero-column-padding  '     ><section  class='av_textblock_section av-e7ltmz-3d438c4601e2ce77c4e3196f375603fb '   itemscope=\"itemscope\" itemtype=\"https:\/\/schema.org\/CreativeWork\" ><div class='avia_textblock'  itemprop=\"text\" ><h1 style=\"text-align: center;\">bsondas*<\/h1>\n<p style=\"text-align: center;\">*achtsame h\u00e4ndische Herstellung und Konfektionierung<\/p>\n<\/div><\/section><\/div>\n\n<style type=\"text\/css\" data-created_by=\"avia_inline_auto\" id=\"style-css-av-cw55aj-085ecf5c125ca9b3ca1347df43403939\">\n.flex_column.av-cw55aj-085ecf5c125ca9b3ca1347df43403939{\nborder-radius:0px 0px 0px 0px;\npadding:0px 0px 0px 0px;\n}\n<\/style>\n<div  class='flex_column av-cw55aj-085ecf5c125ca9b3ca1347df43403939 av_one_fifth  avia-builder-el-19  el_after_av_two_fifth  el_before_av_two_fifth  flex_column_div av-zero-column-padding  '     ><\/div>\n\n<style type=\"text\/css\" data-created_by=\"avia_inline_auto\" id=\"style-css-av-bhnl6z-f43dcbb87e15d417d6cb4b8785dfe4ca\">\n.flex_column.av-bhnl6z-f43dcbb87e15d417d6cb4b8785dfe4ca{\nborder-radius:0px 0px 0px 0px;\npadding:0px 0px 0px 0px;\n}\n<\/style>\n<div  class='flex_column av-bhnl6z-f43dcbb87e15d417d6cb4b8785dfe4ca av_two_fifth  avia-builder-el-20  el_after_av_one_fifth  el_before_av_hr  flex_column_div av-zero-column-padding  '     ><section  class='av_textblock_section av-8up5x7-7a6df711e23e808e12a39d4fb6dcd4a6 '   itemscope=\"itemscope\" itemtype=\"https:\/\/schema.org\/CreativeWork\" ><div class='avia_textblock'  itemprop=\"text\" ><h1 style=\"text-align: center;\">bsondas*<\/h1>\n<p style=\"text-align: center;\">*verantwortungsvoller Umgang mit der Natur und Umwelt<\/p>\n<\/div><\/section><\/div>\n\n<style type=\"text\/css\" data-created_by=\"avia_inline_auto\" id=\"style-css-av-7cxxpn-25e63cf755557a486cfeed3dbb6dda9a\">\n#top .hr.hr-invisible.av-7cxxpn-25e63cf755557a486cfeed3dbb6dda9a{\nheight:50px;\n}\n<\/style>\n<div  class='hr av-7cxxpn-25e63cf755557a486cfeed3dbb6dda9a hr-invisible  avia-builder-el-22  el_after_av_two_fifth  el_before_av_layout_row  avia-builder-el-last '><span class='hr-inner '><span class=\"hr-inner-style\"><\/span><\/span><\/div>\n<\/div><\/div><\/div><!-- close content main div --><\/div><\/div><div id='av-layout-grid-1'  class='av-layout-grid-container av-5tiwq3-705f48e12cc3a57c8a070b87a34a700a entry-content-wrapper main_color av-flex-cells  avia-builder-el-23  el_after_av_hr  avia-builder-el-last  grid-row-not-first  container_wrap fullsize'  >\n\n<style type=\"text\/css\" data-created_by=\"avia_inline_auto\" id=\"style-css-av-47lna3-abd3794f9fd51224a3a2162f1698c0dd\">\n.flex_cell.av-47lna3-abd3794f9fd51224a3a2162f1698c0dd{\nvertical-align:top;\n}\n.responsive #top #wrap_all .flex_cell.av-47lna3-abd3794f9fd51224a3a2162f1698c0dd{\npadding:0px 0px 0px 0px !important;\n}\n<\/style>\n<div class='flex_cell av-47lna3-abd3794f9fd51224a3a2162f1698c0dd av-gridrow-cell av_one_full no_margin  avia-builder-el-24  avia-builder-el-no-sibling  content-align-top av-zero-padding'  ><div class='flex_cell_inner'><section  class='av_textblock_section av-2nn44r-2c63ed77fcef264a399ebd90d784c7c6 '   itemscope=\"itemscope\" itemtype=\"https:\/\/schema.org\/CreativeWork\" ><div class='avia_textblock'  itemprop=\"text\" ><p><img loading=\"lazy\" decoding=\"async\" class=\"size-full wp-image-2597 aligncenter\" src=\"http:\/\/www.thomashuber.cc\/Testseite\/wp-content\/uploads\/2018\/03\/Blumen_2000px-1.jpg\" alt=\"\" width=\"1141\" height=\"278\" srcset=\"https:\/\/www.thomashuber.cc\/Testseite\/wp-content\/uploads\/2018\/03\/Blumen_2000px-1.jpg 1141w, https:\/\/www.thomashuber.cc\/Testseite\/wp-content\/uploads\/2018\/03\/Blumen_2000px-1-400x97.jpg 400w, https:\/\/www.thomashuber.cc\/Testseite\/wp-content\/uploads\/2018\/03\/Blumen_2000px-1-768x187.jpg 768w, https:\/\/www.thomashuber.cc\/Testseite\/wp-content\/uploads\/2018\/03\/Blumen_2000px-1-705x172.jpg 705w, https:\/\/www.thomashuber.cc\/Testseite\/wp-content\/uploads\/2018\/03\/Blumen_2000px-1-450x110.jpg 450w\" sizes=\"auto, (max-width: 1141px) 100vw, 1141px\" \/><\/p>\n<\/div><\/section>\n<\/div><\/div>\n<\/div>\n","protected":false},"excerpt":{"rendered":"","protected":false},"author":1,"featured_media":0,"parent":0,"menu_order":0,"comment_status":"closed","ping_status":"closed","template":"","meta":{"footnotes":""},"class_list":["post-1963","page","type-page","status-publish","hentry"],"_links":{"self":[{"href":"https:\/\/www.thomashuber.cc\/Testseite\/wp-json\/wp\/v2\/pages\/1963","targetHints":{"allow":["GET"]}}],"collection":[{"href":"https:\/\/www.thomashuber.cc\/Testseite\/wp-json\/wp\/v2\/pages"}],"about":[{"href":"https:\/\/www.thomashuber.cc\/Testseite\/wp-json\/wp\/v2\/types\/page"}],"author":[{"embeddable":true,"href":"https:\/\/www.thomashuber.cc\/Testseite\/wp-json\/wp\/v2\/users\/1"}],"replies":[{"embeddable":true,"href":"https:\/\/www.thomashuber.cc\/Testseite\/wp-json\/wp\/v2\/comments?post=1963"}],"version-history":[{"count":255,"href":"https:\/\/www.thomashuber.cc\/Testseite\/wp-json\/wp\/v2\/pages\/1963\/revisions"}],"predecessor-version":[{"id":2969,"href":"https:\/\/www.thomashuber.cc\/Testseite\/wp-json\/wp\/v2\/pages\/1963\/revisions\/2969"}],"wp:attachment":[{"href":"https:\/\/www.thomashuber.cc\/Testseite\/wp-json\/wp\/v2\/media?parent=1963"}],"curies":[{"name":"wp","href":"https:\/\/api.w.org\/{rel}","templated":true}]}}